{"id":110,"date":"2021-06-10T14:53:39","date_gmt":"2021-06-10T12:53:39","guid":{"rendered":"http:\/\/sprendlingerbahnhof.de\/?page_id=110"},"modified":"2024-01-30T10:38:14","modified_gmt":"2024-01-30T08:38:14","slug":"sprendlinger-bahnhof","status":"publish","type":"page","link":"https:\/\/sprendlingerbahnhof.de\/","title":{"rendered":"Sprendlinger Bahnhof"},"content":{"rendered":"<h4 style=\"\" id=\"t-1622800715254\" data-alt-text=\"\u00d6ffnungszeiten\">Herzlich Willkommen<\/h4>\n<h1 style=\"\">Sprendlinger Bahnhof<\/h1>\n<h2 style=\"letter-spacing: 0px;\"><\/h2>\n<h3 id=\"t-1622800715265\" style=\"\">Tisch reservieren oder zum Abholen bestellen:<\/h3>\n<p><strong><span>Telefon: <span><a href=\"tel:06103 2804033\" style=\"outline: none;\">06103 2804033<\/a><\/span><\/span><\/strong><\/p>\n<p style=\"\"><span><span><span><\/span><\/span><\/span><\/p>\n<p style=\"\"><span><span><span><strong>\u00d6ffnungszeiten:&nbsp;<\/strong><\/span><\/span><\/span><\/p>\n<p style=\"\"><span><span><span><strong><\/strong><\/span><\/span><\/span><span><span><span><strong><strong>T\u00e4glich ab 17 Uhr.<\/strong><\/strong><\/span><\/span><\/span><\/p>\n<h3 id=\"t-1622800715257\" data-alt-text=\"Platzhalter\" style=\"\"><em><strong>Hausgemachte Speisen<\/strong><\/em><\/h3>\n<p style=\"font-size: var(--tve-font-size, 17px);\">Alle Speisen die unsere K\u00fcche verlassen sind hausgemacht!<\/p>\n<h3 id=\"t-1622800715258\" data-hide=\"true\" style=\"\"><em><strong>Gro\u00dfer Biergarten<\/strong><\/em><\/h3>\n<p style=\"font-size: var(--tve-font-size, 17px);\">Genie\u00dft eure Zeit in unserem gem\u00fctlichen Biergarten.&nbsp;<\/p>\n<h1 style=\"text-align: center;\">speisen<\/h1>\n<p><span><a href=\"https:\/\/sprendlingerbahnhof.de\/wp-content\/uploads\/2024\/01\/1A16E4A6-102A-417B-B969-9FA4D7084E36-e1706560780462.jpeg\"><img decoding=\"async\" alt=\"\" data-id=\"311\" width=\"345\" data-init-width=\"1210\" height=\"2475\" data-init-height=\"2475\" title=\"1A16E4A6-102A-417B-B969-9FA4D7084E36\" src=\"https:\/\/sprendlingerbahnhof.de\/wp-content\/uploads\/2024\/01\/1A16E4A6-102A-417B-B969-9FA4D7084E36-e1706560780462.jpeg\" data-link-wrap=\"true\" data-width=\"345\" loading=\"lazy\"><\/a><\/span><span><a href=\"https:\/\/sprendlingerbahnhof.de\/wp-content\/uploads\/2024\/01\/57F5D8F5-E31A-4E77-AC8C-10D4D556B69B.jpeg\"><img decoding=\"async\" alt=\"\" data-id=\"310\" width=\"345\" data-init-width=\"1211\" height=\"2477\" data-init-height=\"2477\" title=\"57F5D8F5-E31A-4E77-AC8C-10D4D556B69B\" src=\"https:\/\/sprendlingerbahnhof.de\/wp-content\/uploads\/2024\/01\/57F5D8F5-E31A-4E77-AC8C-10D4D556B69B.jpeg\" data-link-wrap=\"true\" data-width=\"345\" loading=\"lazy\"><\/a><\/span><span><a href=\"https:\/\/sprendlingerbahnhof.de\/wp-content\/uploads\/2024\/01\/6F2FC8CA-37F0-40A5-941D-C7595D276673-scaled-e1706561679568.jpeg\"><img decoding=\"async\" alt=\"\" data-id=\"309\" width=\"320\" data-init-width=\"992\" height=\"2477\" data-init-height=\"2477\" title=\"6F2FC8CA-37F0-40A5-941D-C7595D276673\" src=\"https:\/\/sprendlingerbahnhof.de\/wp-content\/uploads\/2024\/01\/6F2FC8CA-37F0-40A5-941D-C7595D276673-scaled-e1706561679568.jpeg\" data-link-wrap=\"true\" data-width=\"320\" loading=\"lazy\"><\/a><\/span><span><a href=\"https:\/\/sprendlingerbahnhof.de\/wp-content\/uploads\/2024\/01\/A73471AE-F1AB-4B3B-A4B8-625FDB814DC6-scaled.jpeg\"><img decoding=\"async\" alt=\"\" data-id=\"313\" width=\"1064\" data-init-width=\"2560\" height=\"1782\" data-init-height=\"1782\" title=\"A73471AE-F1AB-4B3B-A4B8-625FDB814DC6\" src=\"https:\/\/sprendlingerbahnhof.de\/wp-content\/uploads\/2024\/01\/A73471AE-F1AB-4B3B-A4B8-625FDB814DC6-scaled.jpeg\" data-link-wrap=\"true\" data-width=\"1064\" loading=\"lazy\"><\/a><\/span><\/p>\n<h1 style=\"text-align: center;\">Getr\u00e4nke<\/h1>\n<p><span><a href=\"https:\/\/sprendlingerbahnhof.de\/wp-content\/uploads\/2024\/01\/2DC9F3B2-5CE9-46CA-A194-9FF3F0773BCB-scaled.jpeg\"><img decoding=\"async\" alt=\"\" data-id=\"329\" width=\"1200\" data-init-width=\"2560\" height=\"848\" data-init-height=\"1305\" title=\"2DC9F3B2-5CE9-46CA-A194-9FF3F0773BCB\" src=\"https:\/\/sprendlingerbahnhof.de\/wp-content\/uploads\/2024\/01\/2DC9F3B2-5CE9-46CA-A194-9FF3F0773BCB-scaled.jpeg\" data-width=\"1200\" data-height=\"848\" data-link-wrap=\"true\" loading=\"lazy\"><\/a><\/span><\/p>\n<h3 id=\"t-1622898801034\">Tisch reservieren oder zum Abholen bestellen:<\/h3>\n<p><strong><span style=\"font-family: Montserrat; font-weight: 400; font-size: 19px;\">Telefon: <span style=\"color: rgb(21, 21, 21);\"><a href=\"tel:06103 2804033\" style=\"outline: none;\">06103 2804033<\/a><\/span><\/span><\/strong><\/p>\n<p><span style=\"font-size: 19px;\"><span style=\"font-weight: 400;\"><span style=\"font-family: Montserrat;\"><\/span><\/span><\/span><\/p>\n<p><span style=\"font-size: 19px;\"><span style=\"font-weight: 400;\"><span style=\"font-family: Montserrat;\"><strong>\u00d6ffnungszeiten:<\/strong><\/span><\/span><\/span><\/p>\n<p><span style=\"font-size: 19px;\"><span style=\"font-weight: 400;\"><span style=\"font-family: Montserrat;\"><b><strong>T\u00e4glich ab 17 Uhr.<\/strong><\/b><\/span><\/span><\/span><\/p>\n<p><span style=\"font-size: 19px;\"><span style=\"font-weight: 400;\"><span style=\"font-family: Montserrat;\"><\/span><\/span><\/span><\/p>\n<\/p>\n<p><strong><span>Tisch reservieren:<span style=\"color: rgb(255, 255, 255);\">&nbsp;<\/span><\/span><\/strong><span><span><strong><span style=\"color: rgb(255, 255, 255);\"><a href=\"tel:06103 2804033\">06103 2804033<\/a><\/span><\/strong><\/span><\/span><\/p>\n<p><span><span><\/span><\/span><\/p>\n<p><span><span><strong>\u00d6ffnungszeiten<\/strong><\/span><\/span><\/p>\n<p><span><span><strong>T\u00e4glich ab 17 Uhr.<\/strong><\/span><\/span><\/p>\n<p><span><\/span><\/p>\n<p><span><span>Theodor-Heuss-Stra\u00dfe 19<\/span><\/span><\/p>\n<p><span>63303 Dreieich<\/span><\/p>\n<p style=\"\"><span><\/span><\/p>\n<p style=\"\"><span><\/span><\/p>\n<p style=\"\"><a href=\"https:\/\/sprendlingerbahnhof.de\/?page_id=202\" target=\"_blank\" style=\"outline: none;\" rel=\"noopener\"><span>Impressum<\/span><\/a><\/p>\n<p style=\"\"><span><\/span><\/p>\n<p style=\"\"><span>Kontakt:<\/span><\/p>\n<p style=\"\"><span style=\"color: rgb(255, 255, 255);\"><a href=\"tel:06103 2804033\" style=\"outline: none;\">06103 2804033<\/a><\/span><\/p>\n<p style=\"\">\n<p><a href=\"https:\/\/www.checkdomain.de\/unternehmen\/garantie\/ssl\/popup\/\" onclick=\"window.open(this.href + '?host=' + window.location.host,'','height=600,width=560,scrollbars=yes'); return false;\"><img decoding=\"async\" src=\"https:\/\/www.checkdomain.de\/assets\/bundles\/web\/app\/widget\/seal\/img\/ssl_certificate\/de\/150x150.png?20210602-120347\" alt=\"SSL-Zertifikat\" loading=\"lazy\"><\/a><\/p>\n","protected":false},"excerpt":{"rendered":"<p>Herzlich Willkommen Sprendlinger Bahnhof Tisch reservieren oder zum Abholen bestellen: Telefon: 06103 2804033 \u00d6ffnungszeiten:&nbsp; T\u00e4glich ab 17 Uhr. Hausgemachte Speisen Alle Speisen die unsere K\u00fcche verlassen sind hausgemacht! Gro\u00dfer Biergarten Genie\u00dft eure Zeit in unserem gem\u00fctlichen Biergarten.&nbsp; speisen Getr\u00e4nke Tisch reservieren oder zum Abholen bestellen: Telefon: 06103 2804033 \u00d6ffnungszeiten: T\u00e4glich ab 17 Uhr. Tisch reservieren:&nbsp;06103 &hellip; <\/p>\n<p class=\"link-more\"><a href=\"https:\/\/sprendlingerbahnhof.de\/\" class=\"more-link\">Continue reading<span class=\"screen-reader-text\"> &#8222;Sprendlinger Bahnhof&#8220;<\/span><\/a><\/p>\n","protected":false},"author":1,"featured_media":0,"parent":0,"menu_order":0,"comment_status":"closed","ping_status":"closed","template":"","meta":{"footnotes":""},"_links":{"self":[{"href":"https:\/\/sprendlingerbahnhof.de\/index.php?rest_route=\/wp\/v2\/pages\/110"}],"collection":[{"href":"https:\/\/sprendlingerbahnhof.de\/index.php?rest_route=\/wp\/v2\/pages"}],"about":[{"href":"https:\/\/sprendlingerbahnhof.de\/index.php?rest_route=\/wp\/v2\/types\/page"}],"author":[{"embeddable":true,"href":"https:\/\/sprendlingerbahnhof.de\/index.php?rest_route=\/wp\/v2\/users\/1"}],"replies":[{"embeddable":true,"href":"https:\/\/sprendlingerbahnhof.de\/index.php?rest_route=%2Fwp%2Fv2%2Fcomments&post=110"}],"version-history":[{"count":135,"href":"https:\/\/sprendlingerbahnhof.de\/index.php?rest_route=\/wp\/v2\/pages\/110\/revisions"}],"predecessor-version":[{"id":331,"href":"https:\/\/sprendlingerbahnhof.de\/index.php?rest_route=\/wp\/v2\/pages\/110\/revisions\/331"}],"wp:attachment":[{"href":"https:\/\/sprendlingerbahnhof.de\/index.php?rest_route=%2Fwp%2Fv2%2Fmedia&parent=110"}],"curies":[{"name":"wp","href":"https:\/\/api.w.org\/{rel}","templated":true}]}}